{"id":1081,"date":"2024-10-17T13:42:43","date_gmt":"2024-10-17T13:42:43","guid":{"rendered":"https:\/\/www.vantinbrunosrl.it\/lavora-con-noi\/"},"modified":"2025-02-14T10:54:51","modified_gmt":"2025-02-14T10:54:51","slug":"trabaja-con-nosotros","status":"publish","type":"page","link":"https:\/\/www.vantinbrunosrl.it\/es\/trabaja-con-nosotros\/","title":{"rendered":"trabaja con nosotros"},"content":{"rendered":"\n<style type=\"text\/css\" data-created_by=\"avia_inline_auto\" id=\"style-css-av-m2j9djws-08844b0ae8c32d968091f04e304c5f5a\">\n.avia-section.av-m2j9djws-08844b0ae8c32d968091f04e304c5f5a{\nbackground-repeat:no-repeat;\nbackground-image:url(https:\/\/www.vantinbrunosrl.it\/wp-content\/uploads\/2024\/10\/Vantin-Bruno-1745.webp);\nbackground-position:50% 50%;\nbackground-attachment:fixed;\nmargin-top:0px;\nmargin-bottom:0px;\n}\n.avia-section.av-m2j9djws-08844b0ae8c32d968091f04e304c5f5a .av-section-color-overlay{\nopacity:0.4;\nbackground-color:#0a0a0a;\n}\n<\/style>\n<div id='av_section_1'  class='avia-section av-m2j9djws-08844b0ae8c32d968091f04e304c5f5a main_color avia-section-no-padding avia-no-border-styling  avia-builder-el-0  el_before_av_section  avia-builder-el-first  avia-full-stretch avia-bg-style-fixed av-section-color-overlay-active av-minimum-height av-minimum-height-75 av-height-75  container_wrap fullsize'  data-section-bg-repeat='stretch' data-av_minimum_height_pc='75' data-av_min_height_opt='75'><div class=\"av-section-color-overlay-wrap\"><div class=\"av-section-color-overlay\"><\/div><div class='container av-section-cont-open' ><main  role=\"main\" itemprop=\"mainContentOfPage\"  class='template-page content  av-content-full alpha units'><div class='post-entry post-entry-type-page post-entry-1081'><div class='entry-content-wrapper clearfix'>\n<div class='flex_column_table av-280lk1-3c79d2fb07bbcc72480c6a43aa046dc4 sc-av_two_fifth av-equal-height-column-flextable'>\n<style type=\"text\/css\" data-created_by=\"avia_inline_auto\" id=\"style-css-av-280lk1-3c79d2fb07bbcc72480c6a43aa046dc4\">\n#top .flex_column_table.av-equal-height-column-flextable.av-280lk1-3c79d2fb07bbcc72480c6a43aa046dc4{\nmargin-top:0;\nmargin-bottom:0;\n}\n.flex_column.av-280lk1-3c79d2fb07bbcc72480c6a43aa046dc4{\nborder-radius:0 0 0 0;\npadding:0 0 0 0;\n}\n.avia_transform .flex_column.av-280lk1-3c79d2fb07bbcc72480c6a43aa046dc4{\nanimation-duration:2s;\n}\n<\/style>\n<div  class='flex_column av-280lk1-3c79d2fb07bbcc72480c6a43aa046dc4 av_two_fifth  avia-builder-el-1  el_before_av_three_fifth  avia-builder-el-first  first flex_column_table_cell av-equal-height-column av-align-top av-animated-generic top-to-bottom av-zero-column-padding  '     ><p>\n<style type=\"text\/css\" data-created_by=\"avia_inline_auto\" id=\"style-css-av-7j141-f7bce437c5217e80afa75adbde745071\">\n#top .hr.hr-invisible.av-7j141-f7bce437c5217e80afa75adbde745071{\nmargin-top:-500px;\nheight:1px;\n}\n<\/style>\n<div  class='hr av-7j141-f7bce437c5217e80afa75adbde745071 hr-invisible  avia-builder-el-2  el_before_av_image  avia-builder-el-first '><span class='hr-inner '><span class=\"hr-inner-style\"><\/span><\/span><\/div><br \/>\n\n<style type=\"text\/css\" data-created_by=\"avia_inline_auto\" id=\"style-css-av-6qvzt-093ce8b641bdb578f2b36cf946eebcb1\">\n.avia-image-container.av-6qvzt-093ce8b641bdb578f2b36cf946eebcb1 img.avia_image{\nbox-shadow:none;\n}\n.avia-image-container.av-6qvzt-093ce8b641bdb578f2b36cf946eebcb1 .av-image-caption-overlay-center{\ncolor:#ffffff;\n}\n<\/style>\n<div  class='avia-image-container av-6qvzt-093ce8b641bdb578f2b36cf946eebcb1 av-styling- avia-align-center  avia-builder-el-3  el_after_av_hr  avia-builder-el-last '   itemprop=\"image\" itemscope=\"itemscope\" itemtype=\"https:\/\/schema.org\/ImageObject\" ><div class=\"avia-image-container-inner\"><div class=\"avia-image-overlay-wrap\"><img decoding=\"async\" fetchpriority=\"high\" class='wp-image-914 avia-img-lazy-loading-not-914 avia_image ' src=\"https:\/\/www.vantinbrunosrl.it\/wp-content\/uploads\/2024\/10\/Vantin_bianco.webp\" alt='' title='Vantin_bianco'  height=\"1500\" width=\"1500\"  itemprop=\"thumbnailUrl\" srcset=\"https:\/\/www.vantinbrunosrl.it\/wp-content\/uploads\/2024\/10\/Vantin_bianco.webp 1500w, https:\/\/www.vantinbrunosrl.it\/wp-content\/uploads\/2024\/10\/Vantin_bianco-768x768.webp 768w, https:\/\/www.vantinbrunosrl.it\/wp-content\/uploads\/2024\/10\/Vantin_bianco-36x36.webp 36w, https:\/\/www.vantinbrunosrl.it\/wp-content\/uploads\/2024\/10\/Vantin_bianco-180x180.webp 180w, https:\/\/www.vantinbrunosrl.it\/wp-content\/uploads\/2024\/10\/Vantin_bianco-705x705.webp 705w\" sizes=\"(max-width: 1500px) 100vw, 1500px\" \/><\/div><\/div><\/div><\/p><\/div><div class='av-flex-placeholder'><\/div>\n<style type=\"text\/css\" data-created_by=\"avia_inline_auto\" id=\"style-css-av-1qtjah-9abc8a02b5f1d7aafe7e3208642e7a48\">\n#top .flex_column_table.av-equal-height-column-flextable.av-1qtjah-9abc8a02b5f1d7aafe7e3208642e7a48{\nmargin-top:0;\nmargin-bottom:0;\n}\n.flex_column.av-1qtjah-9abc8a02b5f1d7aafe7e3208642e7a48{\nborder-radius:0 0 0 0;\npadding:0 0 0 0;\n}\n<\/style>\n<div  class='flex_column av-1qtjah-9abc8a02b5f1d7aafe7e3208642e7a48 av_three_fifth  avia-builder-el-4  el_after_av_two_fifth  el_before_av_one_full  flex_column_table_cell av-equal-height-column av-align-top av-zero-column-padding  '     ><\/div><\/div><!--close column table wrapper. Autoclose: 1 --><div class='flex_column_table av-1l3uyx-a720138d0a54a4ffdea13f587d5d49b3 sc-av_one_full av-equal-height-column-flextable'>\n<style type=\"text\/css\" data-created_by=\"avia_inline_auto\" id=\"style-css-av-1l3uyx-a720138d0a54a4ffdea13f587d5d49b3\">\n.flex_column.av-1l3uyx-a720138d0a54a4ffdea13f587d5d49b3{\nwidth:100%;\nmargin-left:0;\n}\n.avia_transform .flex_column.av-1l3uyx-a720138d0a54a4ffdea13f587d5d49b3{\nanimation-duration:2s;\n}\n#top .flex_column_table.av-equal-height-column-flextable.av-1l3uyx-a720138d0a54a4ffdea13f587d5d49b3 .av-flex-placeholder{\nwidth:0%;\n}\n\n@media only screen and (min-width: 990px){ \n#top .flex_column_table.av-equal-height-column-flextable.av-1l3uyx-a720138d0a54a4ffdea13f587d5d49b3{\nmargin-top:-100px;\n}\n}\n<\/style>\n<div  class='flex_column av-1l3uyx-a720138d0a54a4ffdea13f587d5d49b3 av_one_full  avia-builder-el-5  el_after_av_three_fifth  avia-builder-el-last  first flex_column_table_cell av-equal-height-column av-align-middle av-animated-generic top-to-bottom  '     ><style type=\"text\/css\" data-created_by=\"avia_inline_auto\" id=\"style-css-av-m2j9dybt-935d83cb106c68b8cdfd8502c0f8a0c2\">\n#top .av-special-heading.av-m2j9dybt-935d83cb106c68b8cdfd8502c0f8a0c2{\npadding-bottom:10px;\ncolor:#ffffff;\n}\nbody .av-special-heading.av-m2j9dybt-935d83cb106c68b8cdfd8502c0f8a0c2 .av-special-heading-tag .heading-char{\nfont-size:25px;\n}\n.av-special-heading.av-m2j9dybt-935d83cb106c68b8cdfd8502c0f8a0c2 .special-heading-inner-border{\nborder-color:#ffffff;\n}\n.av-special-heading.av-m2j9dybt-935d83cb106c68b8cdfd8502c0f8a0c2 .av-subheading{\nfont-size:15px;\n}\n<\/style>\n<div  class='av-special-heading av-m2j9dybt-935d83cb106c68b8cdfd8502c0f8a0c2 av-special-heading-h2 custom-color-heading blockquote modern-quote modern-right  avia-builder-el-6  avia-builder-el-no-sibling '><h2 class='av-special-heading-tag '  itemprop=\"headline\"  >Vantin Bruno.<br \/>\nTrabaja con Nostros<\/h2><div class=\"special-heading-border\"><div class=\"special-heading-inner-border\"><\/div><\/div><\/div><\/div><\/div><!--close column table wrapper. Autoclose: 1 -->\n\n<\/div><\/div><\/main><!-- close content main element --><\/div><\/div><\/div><div id='av_section_2'  class='avia-section av-4ptld-a932380e468cdbfbc326ab70689f2d02 main_color avia-section-no-padding avia-no-border-styling  avia-builder-el-7  el_after_av_section  avia-builder-el-last  avia-bg-style-scroll av-minimum-height av-minimum-height-100 av-height-100  container_wrap fullsize'   data-av_minimum_height_pc='100' data-av_min_height_opt='100'><div class='container av-section-cont-open' ><div class='template-page content  av-content-full alpha units'><div class='post-entry post-entry-type-page post-entry-1081'><div class='entry-content-wrapper clearfix'>\n<div class='flex_column_table av-12vybd-32397f05606b32f5fd5b9dd4626d862f sc-av_one_half av-equal-height-column-flextable'>\n<style type=\"text\/css\" data-created_by=\"avia_inline_auto\" id=\"style-css-av-12vybd-32397f05606b32f5fd5b9dd4626d862f\">\n.flex_column.av-12vybd-32397f05606b32f5fd5b9dd4626d862f{\nwidth:48.5%;\nmargin-left:0;\npadding:25px 25px 25px 25px;\n}\n.avia_transform .flex_column.av-12vybd-32397f05606b32f5fd5b9dd4626d862f{\nanimation-duration:2s;\n}\n#top .flex_column_table.av-equal-height-column-flextable.av-12vybd-32397f05606b32f5fd5b9dd4626d862f .av-flex-placeholder{\nwidth:3%;\n}\n<\/style>\n<div  class='flex_column av-12vybd-32397f05606b32f5fd5b9dd4626d862f av_one_half  avia-builder-el-8  el_before_av_one_half  avia-builder-el-first  first flex_column_table_cell av-equal-height-column av-align-top av-animated-generic top-to-bottom  '     ><p>\n<style type=\"text\/css\" data-created_by=\"avia_inline_auto\" id=\"style-css-av-bu7j5-a918ffb1f40fcc2d5d88258ff1e7adf1\">\n#top .hr.hr-invisible.av-bu7j5-a918ffb1f40fcc2d5d88258ff1e7adf1{\nheight:50px;\n}\n<\/style>\n<div  class='hr av-bu7j5-a918ffb1f40fcc2d5d88258ff1e7adf1 hr-invisible  avia-builder-el-9  el_before_av_heading  avia-builder-el-first '><span class='hr-inner '><span class=\"hr-inner-style\"><\/span><\/span><\/div><br \/>\n\n<style type=\"text\/css\" data-created_by=\"avia_inline_auto\" id=\"style-css-av-m2j9p9ps-5fa980d6c4aeb2f5e6e30d7e3bae94f1\">\n#top .av-special-heading.av-m2j9p9ps-5fa980d6c4aeb2f5e6e30d7e3bae94f1{\npadding-bottom:10px;\n}\nbody .av-special-heading.av-m2j9p9ps-5fa980d6c4aeb2f5e6e30d7e3bae94f1 .av-special-heading-tag .heading-char{\nfont-size:25px;\n}\n.av-special-heading.av-m2j9p9ps-5fa980d6c4aeb2f5e6e30d7e3bae94f1 .av-subheading{\nfont-size:15px;\n}\n<\/style>\n<div  class='av-special-heading av-m2j9p9ps-5fa980d6c4aeb2f5e6e30d7e3bae94f1 av-special-heading-h1 blockquote modern-quote  avia-builder-el-10  el_after_av_hr  el_before_av_textblock '><h1 class='av-special-heading-tag '  itemprop=\"headline\"  >PRESENTA TU CANDIDATURA<\/h1><div class=\"special-heading-border\"><div class=\"special-heading-inner-border\"><\/div><\/div><\/div><br \/>\n<section  class='av_textblock_section av-m2k245rb-f4e37ec4e76181ad44348985ffbf1e06 '   itemscope=\"itemscope\" itemtype=\"https:\/\/schema.org\/CreativeWork\" ><div class='avia_textblock'  itemprop=\"text\" ><p>Tenemos la convicci\u00f3n de que son las grandes personas las que hacen grandes a las empresas:<br \/>\npor eso damos una importancia fundamental al di\u00e1logo y al esp\u00edritu de colaboraci\u00f3n interna.<\/p>\n<\/div><\/section><br \/>\n\n<style type=\"text\/css\" data-created_by=\"avia_inline_auto\" id=\"style-css-av-m2j9x1em-27f34215d7e5cfdc3e649e62721e5de1\">\n#top .hr.hr-invisible.av-m2j9x1em-27f34215d7e5cfdc3e649e62721e5de1{\nheight:50px;\n}\n<\/style>\n<div  class='hr av-m2j9x1em-27f34215d7e5cfdc3e649e62721e5de1 hr-invisible  avia-builder-el-12  el_after_av_textblock  avia-builder-el-last '><span class='hr-inner '><span class=\"hr-inner-style\"><\/span><\/span><\/div><\/p><\/div><div class='av-flex-placeholder'><\/div>\n<style type=\"text\/css\" data-created_by=\"avia_inline_auto\" id=\"style-css-av-8n38p-d5f2410e9190e1847736fdd55bb65e4e\">\n.flex_column.av-8n38p-d5f2410e9190e1847736fdd55bb65e4e{\nwidth:48.5%;\nmargin-left:0;\npadding:20px 20px 20px 20px;\nbackground-color:#e8e8e8;\n}\n#top .flex_column_table.av-equal-height-column-flextable.av-8n38p-d5f2410e9190e1847736fdd55bb65e4e .av-flex-placeholder{\nwidth:3%;\n}\n<\/style>\n<div  class='flex_column av-8n38p-d5f2410e9190e1847736fdd55bb65e4e av_one_half  avia-builder-el-13  el_after_av_one_half  avia-builder-el-last  flex_column_table_cell av-equal-height-column av-align-top  '     ><\/div><\/div><!--close column table wrapper. Autoclose: 1 -->\n","protected":false},"excerpt":{"rendered":"","protected":false},"author":5,"featured_media":0,"parent":0,"menu_order":0,"comment_status":"closed","ping_status":"closed","template":"","meta":{"footnotes":""},"class_list":["post-1081","page","type-page","status-publish","hentry"],"yoast_head":"<!-- This site is optimized with the Yoast SEO plugin v27.5 - https:\/\/yoast.com\/product\/yoast-seo-wordpress\/ -->\n<title>trabaja con nosotros - vantin bruno<\/title>\n<meta name=\"robots\" content=\"index, follow, max-snippet:-1, max-image-preview:large, max-video-preview:-1\" \/>\n<link rel=\"canonical\" href=\"https:\/\/www.vantinbrunosrl.it\/es\/trabaja-con-nosotros\/\" \/>\n<meta property=\"og:locale\" content=\"es_ES\" \/>\n<meta property=\"og:type\" content=\"article\" \/>\n<meta property=\"og:title\" content=\"trabaja con nosotros - vantin bruno\" \/>\n<meta property=\"og:url\" content=\"https:\/\/www.vantinbrunosrl.it\/es\/trabaja-con-nosotros\/\" \/>\n<meta property=\"og:site_name\" content=\"vantin bruno\" \/>\n<meta property=\"article:modified_time\" content=\"2025-02-14T10:54:51+00:00\" \/>\n<meta name=\"twitter:card\" content=\"summary_large_image\" \/>\n<meta name=\"twitter:label1\" content=\"Tiempo de lectura\" \/>\n\t<meta name=\"twitter:data1\" content=\"20 minutos\" \/>\n<script type=\"application\/ld+json\" class=\"yoast-schema-graph\">{\"@context\":\"https:\\\/\\\/schema.org\",\"@graph\":[{\"@type\":\"WebPage\",\"@id\":\"https:\\\/\\\/www.vantinbrunosrl.it\\\/es\\\/trabaja-con-nosotros\\\/\",\"url\":\"https:\\\/\\\/www.vantinbrunosrl.it\\\/es\\\/trabaja-con-nosotros\\\/\",\"name\":\"trabaja con nosotros - vantin bruno\",\"isPartOf\":{\"@id\":\"https:\\\/\\\/www.vantinbrunosrl.it\\\/es\\\/#website\"},\"datePublished\":\"2024-10-17T13:42:43+00:00\",\"dateModified\":\"2025-02-14T10:54:51+00:00\",\"breadcrumb\":{\"@id\":\"https:\\\/\\\/www.vantinbrunosrl.it\\\/es\\\/trabaja-con-nosotros\\\/#breadcrumb\"},\"inLanguage\":\"es\",\"potentialAction\":[{\"@type\":\"ReadAction\",\"target\":[\"https:\\\/\\\/www.vantinbrunosrl.it\\\/es\\\/trabaja-con-nosotros\\\/\"]}]},{\"@type\":\"BreadcrumbList\",\"@id\":\"https:\\\/\\\/www.vantinbrunosrl.it\\\/es\\\/trabaja-con-nosotros\\\/#breadcrumb\",\"itemListElement\":[{\"@type\":\"ListItem\",\"position\":1,\"name\":\"Home\",\"item\":\"https:\\\/\\\/www.vantinbrunosrl.it\\\/es\\\/\"},{\"@type\":\"ListItem\",\"position\":2,\"name\":\"trabaja con nosotros\"}]},{\"@type\":\"WebSite\",\"@id\":\"https:\\\/\\\/www.vantinbrunosrl.it\\\/es\\\/#website\",\"url\":\"https:\\\/\\\/www.vantinbrunosrl.it\\\/es\\\/\",\"name\":\"vantin bruno\",\"description\":\"produzione alberi per pompe e motori elettrici\",\"publisher\":{\"@id\":\"https:\\\/\\\/www.vantinbrunosrl.it\\\/es\\\/#organization\"},\"potentialAction\":[{\"@type\":\"SearchAction\",\"target\":{\"@type\":\"EntryPoint\",\"urlTemplate\":\"https:\\\/\\\/www.vantinbrunosrl.it\\\/es\\\/?s={search_term_string}\"},\"query-input\":{\"@type\":\"PropertyValueSpecification\",\"valueRequired\":true,\"valueName\":\"search_term_string\"}}],\"inLanguage\":\"es\"},{\"@type\":\"Organization\",\"@id\":\"https:\\\/\\\/www.vantinbrunosrl.it\\\/es\\\/#organization\",\"name\":\"vantin bruno meccanica di precisione, alberi per motori, alberi per pompe\",\"url\":\"https:\\\/\\\/www.vantinbrunosrl.it\\\/es\\\/\",\"logo\":{\"@type\":\"ImageObject\",\"inLanguage\":\"es\",\"@id\":\"https:\\\/\\\/www.vantinbrunosrl.it\\\/es\\\/#\\\/schema\\\/logo\\\/image\\\/\",\"url\":\"https:\\\/\\\/www.vantinbrunosrl.it\\\/wp-content\\\/uploads\\\/2024\\\/10\\\/VanrtinBruno_24_2colori.png\",\"contentUrl\":\"https:\\\/\\\/www.vantinbrunosrl.it\\\/wp-content\\\/uploads\\\/2024\\\/10\\\/VanrtinBruno_24_2colori.png\",\"width\":850,\"height\":425,\"caption\":\"vantin bruno meccanica di precisione, alberi per motori, alberi per pompe\"},\"image\":{\"@id\":\"https:\\\/\\\/www.vantinbrunosrl.it\\\/es\\\/#\\\/schema\\\/logo\\\/image\\\/\"},\"sameAs\":[\"https:\\\/\\\/www.linkedin.com\\\/company\\\/vantin-bruno-srl\\\/\"]}]}<\/script>\n<!-- \/ Yoast SEO plugin. -->","yoast_head_json":{"title":"trabaja con nosotros - vantin bruno","robots":{"index":"index","follow":"follow","max-snippet":"max-snippet:-1","max-image-preview":"max-image-preview:large","max-video-preview":"max-video-preview:-1"},"canonical":"https:\/\/www.vantinbrunosrl.it\/es\/trabaja-con-nosotros\/","og_locale":"es_ES","og_type":"article","og_title":"trabaja con nosotros - vantin bruno","og_url":"https:\/\/www.vantinbrunosrl.it\/es\/trabaja-con-nosotros\/","og_site_name":"vantin bruno","article_modified_time":"2025-02-14T10:54:51+00:00","twitter_card":"summary_large_image","twitter_misc":{"Tiempo de lectura":"20 minutos"},"schema":{"@context":"https:\/\/schema.org","@graph":[{"@type":"WebPage","@id":"https:\/\/www.vantinbrunosrl.it\/es\/trabaja-con-nosotros\/","url":"https:\/\/www.vantinbrunosrl.it\/es\/trabaja-con-nosotros\/","name":"trabaja con nosotros - vantin bruno","isPartOf":{"@id":"https:\/\/www.vantinbrunosrl.it\/es\/#website"},"datePublished":"2024-10-17T13:42:43+00:00","dateModified":"2025-02-14T10:54:51+00:00","breadcrumb":{"@id":"https:\/\/www.vantinbrunosrl.it\/es\/trabaja-con-nosotros\/#breadcrumb"},"inLanguage":"es","potentialAction":[{"@type":"ReadAction","target":["https:\/\/www.vantinbrunosrl.it\/es\/trabaja-con-nosotros\/"]}]},{"@type":"BreadcrumbList","@id":"https:\/\/www.vantinbrunosrl.it\/es\/trabaja-con-nosotros\/#breadcrumb","itemListElement":[{"@type":"ListItem","position":1,"name":"Home","item":"https:\/\/www.vantinbrunosrl.it\/es\/"},{"@type":"ListItem","position":2,"name":"trabaja con nosotros"}]},{"@type":"WebSite","@id":"https:\/\/www.vantinbrunosrl.it\/es\/#website","url":"https:\/\/www.vantinbrunosrl.it\/es\/","name":"vantin bruno","description":"produzione alberi per pompe e motori elettrici","publisher":{"@id":"https:\/\/www.vantinbrunosrl.it\/es\/#organization"},"potentialAction":[{"@type":"SearchAction","target":{"@type":"EntryPoint","urlTemplate":"https:\/\/www.vantinbrunosrl.it\/es\/?s={search_term_string}"},"query-input":{"@type":"PropertyValueSpecification","valueRequired":true,"valueName":"search_term_string"}}],"inLanguage":"es"},{"@type":"Organization","@id":"https:\/\/www.vantinbrunosrl.it\/es\/#organization","name":"vantin bruno meccanica di precisione, alberi per motori, alberi per pompe","url":"https:\/\/www.vantinbrunosrl.it\/es\/","logo":{"@type":"ImageObject","inLanguage":"es","@id":"https:\/\/www.vantinbrunosrl.it\/es\/#\/schema\/logo\/image\/","url":"https:\/\/www.vantinbrunosrl.it\/wp-content\/uploads\/2024\/10\/VanrtinBruno_24_2colori.png","contentUrl":"https:\/\/www.vantinbrunosrl.it\/wp-content\/uploads\/2024\/10\/VanrtinBruno_24_2colori.png","width":850,"height":425,"caption":"vantin bruno meccanica di precisione, alberi per motori, alberi per pompe"},"image":{"@id":"https:\/\/www.vantinbrunosrl.it\/es\/#\/schema\/logo\/image\/"},"sameAs":["https:\/\/www.linkedin.com\/company\/vantin-bruno-srl\/"]}]}},"_links":{"self":[{"href":"https:\/\/www.vantinbrunosrl.it\/es\/wp-json\/wp\/v2\/pages\/1081","targetHints":{"allow":["GET"]}}],"collection":[{"href":"https:\/\/www.vantinbrunosrl.it\/es\/wp-json\/wp\/v2\/pages"}],"about":[{"href":"https:\/\/www.vantinbrunosrl.it\/es\/wp-json\/wp\/v2\/types\/page"}],"author":[{"embeddable":true,"href":"https:\/\/www.vantinbrunosrl.it\/es\/wp-json\/wp\/v2\/users\/5"}],"replies":[{"embeddable":true,"href":"https:\/\/www.vantinbrunosrl.it\/es\/wp-json\/wp\/v2\/comments?post=1081"}],"version-history":[{"count":3,"href":"https:\/\/www.vantinbrunosrl.it\/es\/wp-json\/wp\/v2\/pages\/1081\/revisions"}],"predecessor-version":[{"id":1141,"href":"https:\/\/www.vantinbrunosrl.it\/es\/wp-json\/wp\/v2\/pages\/1081\/revisions\/1141"}],"wp:attachment":[{"href":"https:\/\/www.vantinbrunosrl.it\/es\/wp-json\/wp\/v2\/media?parent=1081"}],"curies":[{"name":"wp","href":"https:\/\/api.w.org\/{rel}","templated":true}]}}